{"id":10,"date":"2016-09-19T15:30:53","date_gmt":"2016-09-19T13:30:53","guid":{"rendered":"http:\/\/intelform.nq.pl\/?page_id=10"},"modified":"2026-04-11T12:23:56","modified_gmt":"2026-04-11T10:23:56","slug":"download","status":"publish","type":"page","link":"https:\/\/igentform.com\/fr\/download\/","title":{"rendered":"T\u00e9l\u00e9charger le programme"},"content":{"rendered":"<p><\/p>\n<h4>Cliquez sur le lien ci-dessous pour t\u00e9l\u00e9charger une version de d\u00e9monstration gratuite de programme <strong>IgentForm<\/strong>. La version de d\u00e9monstration a\u00a0une fonctionnalit\u00e9 compl\u00e8te. Dur\u00e9e de fonctionnement de la version de d\u00e9monstration est 30 jours \u00e0 compter de la date d&rsquo;installation.<\/h4>\n<h4>Apr\u00e8s avoir install\u00e9 le programme, pendant le premier lancement, il faudra avoir les droits d&rsquo;administrateur. Le code d&rsquo;activation sera envoy\u00e9 automatiquement \u00e0 l&rsquo;adresse e-mail indiqu\u00e9e.<\/h4>\n<h4><\/h4>\n<h2><a href=\"https:\/\/igentform.com\/en\/download\/intelform-demo\/?wpdmdl=548\" download=\"\">T\u00e9l\u00e9charger IgentForm2026<\/a><\/h2>\n<h4>Date de la derni\u00e8re modification:<span style=\"color: #ff0000;\"> 10.04.2026<\/span><\/h4>\n<h4>Cliquez sur le lien ci-dessous pour t\u00e9l\u00e9charger une version de d\u00e9monstration gratuite de progmamme\u00a0<strong>IgentDraw<\/strong>. La version de d\u00e9monstration a\u00a0une fonctionnalit\u00e9 compl\u00e8te. Dur\u00e9e de fonctionnement de la version de d\u00e9monstration est 15 jours \u00e0 compter de la date d&rsquo;installation.<\/h4>\n<h4>Apr\u00e8s avoir install\u00e9 le programme, pendant le premier lancement, il faudra avoir les droits d&rsquo;administrateur. Le code d&rsquo;activation sera envoy\u00e9 automatiquement \u00e0 l&rsquo;adresse e-mail indiqu\u00e9e.<\/h4>\n<h4><\/h4>\n<h2><a href=\"https:\/\/igentform.com\/en\/download\/intelform-demo\/?wpdmdl=1213\" download=\"\">T\u00e9l\u00e9charger IgentDraw2026<\/a><\/h2>\n<h4>Date de la derni\u00e8re modification:<span style=\"color: #ff0000;\"> 11.04.2026<\/span><\/h4>\n<h4>Cliquez sur le lien ci-dessous pour t\u00e9l\u00e9charger une version de d\u00e9monstration gratuite de progmamme\u00a0<strong>IgentBeam<\/strong>. La version de d\u00e9monstration a\u00a0une fonctionnalit\u00e9 compl\u00e8te. Dur\u00e9e de fonctionnement de la version de d\u00e9monstration est 30 jours \u00e0 compter de la date d&rsquo;installation.<\/h4>\n<h4>Apr\u00e8s avoir install\u00e9 le programme, pendant le premier lancement, il faudra avoir les droits d&rsquo;administrateur. Le code d&rsquo;activation sera envoy\u00e9 automatiquement \u00e0 l&rsquo;adresse e-mail indiqu\u00e9e.<\/h4>\n<h4><\/h4>\n<h2><a href=\"https:\/\/igentform.com\/en\/download\/intelform-demo\/?wpdmdl=3116\" download=\"\">T\u00e9l\u00e9charger IgentBeam2026<\/a><\/h2>\n<h4>Date de la derni\u00e8re modification:<span style=\"color: #ff0000;\"> 23.03.2026<\/span><\/h4>\n<h4>Si vous rencontrez des probl\u00e8mes pour t\u00e9l\u00e9charger un fichier ou l&rsquo;installation, contactez s&rsquo;il vous pla\u00eet avec le support \u00a0(service@igentform.com)<\/h4>\n<h4><span style=\"color: #0000ff;\">REMARQUE : Tous les programmes de soci\u00e9t\u00e9 IgentForm sont sign\u00e9s num\u00e9riquement<\/span><\/h4>\n<p><\/p>","protected":false},"excerpt":{"rendered":"<p>Cliquez sur le lien ci-dessous pour t\u00e9l\u00e9charger une version de d\u00e9monstration gratuite de programme IgentForm. La version de d\u00e9monstration a\u00a0une fonctionnalit\u00e9 compl\u00e8te. Dur\u00e9e de fonctionnement de la version de d\u00e9monstration est 30 jours \u00e0 compter de la date d&rsquo;installation. Apr\u00e8s avoir install\u00e9 le programme, pendant le premier lancement, il faudra avoir les droits d&rsquo;administrateur. Le [&hellip;]<\/p>\n","protected":false},"author":1,"featured_media":0,"parent":0,"menu_order":0,"comment_status":"closed","ping_status":"closed","template":"","meta":{"footnotes":""},"aioseo_notices":[],"_links":{"self":[{"href":"https:\/\/igentform.com\/fr\/wp-json\/wp\/v2\/pages\/10"}],"collection":[{"href":"https:\/\/igentform.com\/fr\/wp-json\/wp\/v2\/pages"}],"about":[{"href":"https:\/\/igentform.com\/fr\/wp-json\/wp\/v2\/types\/page"}],"author":[{"embeddable":true,"href":"https:\/\/igentform.com\/fr\/wp-json\/wp\/v2\/users\/1"}],"replies":[{"embeddable":true,"href":"https:\/\/igentform.com\/fr\/wp-json\/wp\/v2\/comments?post=10"}],"version-history":[{"count":1384,"href":"https:\/\/igentform.com\/fr\/wp-json\/wp\/v2\/pages\/10\/revisions"}],"predecessor-version":[{"id":4562,"href":"https:\/\/igentform.com\/fr\/wp-json\/wp\/v2\/pages\/10\/revisions\/4562"}],"wp:attachment":[{"href":"https:\/\/igentform.com\/fr\/wp-json\/wp\/v2\/media?parent=10"}],"curies":[{"name":"wp","href":"https:\/\/api.w.org\/{rel}","templated":true}]}}